{"id":209,"date":"2018-05-11T08:28:39","date_gmt":"2018-05-11T08:28:39","guid":{"rendered":"https:\/\/hotel-livia.com\/index.php\/restaurant\/"},"modified":"2019-08-04T10:08:33","modified_gmt":"2019-08-04T10:08:33","slug":"restaurant","status":"publish","type":"page","link":"https:\/\/hotel-livia.com\/index.php\/restaurant\/?lang=sq","title":{"rendered":"Restorant"},"content":{"rendered":"<div class=\"wpb-content-wrapper\"><p>[vc_row css=&#8221;.vc_custom_1526044721578{margin-top: -40px !important;}&#8221;][vc_column width=&#8221;1\/2&#8243;][vc_single_image image=&#8221;211&#8243; img_size=&#8221;full&#8221; image_hovers=&#8221;false&#8221;][vc_custom_heading text=&#8221;RESTORANT LIVIA&#8221; font_container=&#8221;tag:h3|text_align:left|color:%23005aa9&#8243; google_fonts=&#8221;font_family:Libre%20Baskerville%3Aregular%2Citalic%2C700|font_style:700%20bold%20regular%3A700%3Anormal&#8221; css=&#8221;.vc_custom_1526052424783{margin-top: -70px !important;}&#8221;][vc_column_text]<\/p>\n<p style=\"text-align: justify;\">Restorant i Klasit t\u00eb Par\u00eb me ushqime tradicionale Shqiptare. Kuzhina jon\u00eb\u00a0\u00ebsht\u00eb gati t\u00eb ju sh\u00ebrbej\u00eb 16 or\u00eb cdo dit\u00eb. Ju do t\u00eb keni mund\u00ebsin\u00eb t\u00eb shijoni peshkun e fresk\u00ebt t\u00eb liqenit t\u00eb Butrintit dhe Kanalit t\u00eb Vivarit dhe gjithashtu produktet e mishit t\u00eb fresk\u00ebta nga fshati. Kop\u00ebshti ju ofron nj\u00eb pamje fantastike nga Kanali i Vivarit, ideale p\u00ebr t\u00eb kaluar m\u00ebngjesin ose drek\u00ebn, gjithashtu n\u00eb dark\u00eb mund t\u00eb kaloni momente t\u00eb bukura shoq\u00ebruar me nj\u00eb kokteil.<\/p>\n<p>[\/vc_column_text][\/vc_column][vc_column width=&#8221;1\/2&#8243;][vc_single_image image=&#8221;28&#8243; img_size=&#8221;full&#8221; alignment=&#8221;center&#8221; image_hovers=&#8221;false&#8221;][\/vc_column][\/vc_row][vc_row bg_type=&#8221;image&#8221; parallax_style=&#8221;vcpb-default&#8221; bg_image_new=&#8221;id^111|url^https:\/\/hotel-livia.com\/wp-content\/uploads\/2018\/05\/seaaa-parallaxc.png|caption^null|alt^null|title^seaaa-parallaxc|description^null&#8221; bg_image_repeat=&#8221;no-repeat&#8221; bg_override=&#8221;ex-full&#8221; css=&#8221;.vc_custom_1526045926671{margin-bottom: -70px !important;}&#8221;][vc_column width=&#8221;1\/3&#8243;][vc_single_image image=&#8221;112&#8243; img_size=&#8221;full&#8221; alignment=&#8221;center&#8221; image_hovers=&#8221;false&#8221;][\/vc_column][vc_column width=&#8221;1\/3&#8243;][vc_single_image image=&#8221;113&#8243; img_size=&#8221;full&#8221; alignment=&#8221;center&#8221; image_hovers=&#8221;false&#8221;][\/vc_column][vc_column width=&#8221;1\/3&#8243;][vc_single_image image=&#8221;114&#8243; img_size=&#8221;full&#8221; alignment=&#8221;center&#8221; image_hovers=&#8221;false&#8221;][\/vc_column][\/vc_row]<\/p>\n<\/div>","protected":false},"excerpt":{"rendered":"<p>[vc_row css=&#8221;.vc_custom_1526044721578{margin-top: -40px !important;}&#8221;][vc_column width=&#8221;1\/2&#8243;][vc_single_image image=&#8221;211&#8243; img_size=&#8221;full&#8221; image_hovers=&#8221;false&#8221;][vc_custom_heading text=&#8221;RESTORANT LIVIA&#8221; font_container=&#8221;tag:h3|text_align:left|color:%23005aa9&#8243; google_fonts=&#8221;font_family:Libre%20Baskerville%3Aregular%2Citalic%2C700|font_style:700%20bold%20regular%3A700%3Anormal&#8221; css=&#8221;.vc_custom_1526052424783{margin-top: -70px !important;}&#8221;][vc_column_text] Restorant i Klasit t\u00eb Par\u00eb me ushqime tradicionale Shqiptare. Kuzhina jon\u00eb\u00a0\u00ebsht\u00eb gati t\u00eb ju sh\u00ebrbej\u00eb 16 or\u00eb cdo dit\u00eb. Ju do t\u00eb keni mund\u00ebsin\u00eb t\u00eb shijoni peshkun e fresk\u00ebt t\u00eb liqenit t\u00eb Butrintit dhe Kanalit t\u00eb Vivarit dhe gjithashtu produktet&hellip;<\/p>\n","protected":false},"author":2,"featured_media":0,"parent":0,"menu_order":0,"comment_status":"closed","ping_status":"closed","template":"","meta":{"footnotes":""},"class_list":["post-209","page","type-page","status-publish","hentry","description-off"],"_links":{"self":[{"href":"https:\/\/hotel-livia.com\/index.php\/wp-json\/wp\/v2\/pages\/209","targetHints":{"allow":["GET"]}}],"collection":[{"href":"https:\/\/hotel-livia.com\/index.php\/wp-json\/wp\/v2\/pages"}],"about":[{"href":"https:\/\/hotel-livia.com\/index.php\/wp-json\/wp\/v2\/types\/page"}],"author":[{"embeddable":true,"href":"https:\/\/hotel-livia.com\/index.php\/wp-json\/wp\/v2\/users\/2"}],"replies":[{"embeddable":true,"href":"https:\/\/hotel-livia.com\/index.php\/wp-json\/wp\/v2\/comments?post=209"}],"version-history":[{"count":2,"href":"https:\/\/hotel-livia.com\/index.php\/wp-json\/wp\/v2\/pages\/209\/revisions"}],"predecessor-version":[{"id":269,"href":"https:\/\/hotel-livia.com\/index.php\/wp-json\/wp\/v2\/pages\/209\/revisions\/269"}],"wp:attachment":[{"href":"https:\/\/hotel-livia.com\/index.php\/wp-json\/wp\/v2\/media?parent=209"}],"curies":[{"name":"wp","href":"https:\/\/api.w.org\/{rel}","templated":true}]}}