{"id":187,"date":"2018-05-11T08:26:54","date_gmt":"2018-05-11T08:26:54","guid":{"rendered":"https:\/\/hotel-livia.com\/index.php\/home\/"},"modified":"2019-08-04T10:12:55","modified_gmt":"2019-08-04T10:12:55","slug":"home","status":"publish","type":"page","link":"https:\/\/hotel-livia.com\/index.php\/home\/?lang=sq","title":{"rendered":"Home"},"content":{"rendered":"<div class=\"wpb-content-wrapper\"><p>[vc_row css=&#8221;.vc_custom_1526029623970{margin-top: -70px !important;background-position: center !important;background-repeat: no-repeat !important;background-size: cover !important;}&#8221;][vc_column width=&#8221;1\/2&#8243;][vc_single_image image=&#8221;192&#8243; img_size=&#8221;full&#8221;][vc_custom_heading text=&#8221;Shijoni Qet\u00ebsin\u00eb<br \/>\n&#8221; font_container=&#8221;tag:h2|text_align:left|color:%23005aa9&#8243; google_fonts=&#8221;font_family:Libre%20Baskerville%3Aregular%2Citalic%2C700|font_style:700%20bold%20regular%3A700%3Anormal&#8221; css=&#8221;.vc_custom_1526049778441{margin-top: -100px !important;}&#8221;][vc_column_text]<\/p>\n<p style=\"text-align: justify;\">Livia\u00a0\u00ebsht\u00eb nj\u00eb hotel i ri, i nd\u00ebrtuar me gur\u00eb dhe drru, sipas stilit tradicional Shqiptar, ndodhet af\u00ebr Butrintit q\u00ebndr\u00ebs m\u00eb t\u00eb madhe arkeologjike t\u00eb Shqip\u00ebris\u00eb. Vet\u00ebm 15 minuta larg nga Saranda. N\u00eb hotelin ton\u00eb ju do t\u00eb gjeni 11 dhoma, t\u00eb gjitha t\u00eb pajisura me aj\u00ebr t\u00eb kondicionuar dhe TV. Ballkonet e dhomave ju ofrojn\u00eb nj\u00eb pamje spektakolare nga Kanali i Vivarit dhe deti Ionian, shoq\u00ebruar me lulishten e gjelb\u00ebrt q\u00eb ndodhet n\u00eb pjes\u00ebn prapa hotelit ton\u00eb. Restoranty yn\u00eb\u00a0\u00ebsht\u00eb gati t\u00eb ju sh\u00ebrbej\u00eb 16 or\u00eb t\u00eb dit\u00ebs. Aty do t\u00eb mund t\u00eb shijoni ushqimin tradicional Shqiptar, t\u00eb shoq\u00ebruar me produktet e fresk\u00ebta t\u00eb detit dhe mishit. Gjithashtu gjat\u00eb dark\u00ebs mund t\u00eb shijoni dhe nj\u00eb kokteil n\u00eb kop\u00ebsht. Ne jemi t\u00eb lumtur t\u00eb ju arg\u00ebtojm\u00eb dhe me veprimtari t\u00eb ndryshme si peshkimi ose vizita e parkut t\u00eb Butrintit i cili p\u00ebrmban n\u00eb vete shum\u00eb histori.Eja kaloni tek ne pushimet m\u00eb t\u00eb paharrueshme.<\/p>\n<p>[\/vc_column_text][\/vc_column][vc_column width=&#8221;1\/2&#8243;][vc_single_image image=&#8221;29&#8243; img_size=&#8221;full&#8221; alignment=&#8221;center&#8221; css_animation=&#8221;right-to-left&#8221; image_hovers=&#8221;false&#8221;][\/vc_column][\/vc_row][vc_row][vc_column][vc_single_image image=&#8221;194&#8243; img_size=&#8221;full&#8221; alignment=&#8221;center&#8221;][vc_custom_heading text=&#8221;Dhomat Tona&#8221; font_container=&#8221;tag:h2|text_align:center|color:%23005aa9&#8243; google_fonts=&#8221;font_family:Libre%20Baskerville%3Aregular%2Citalic%2C700|font_style:700%20bold%20regular%3A700%3Anormal&#8221; css=&#8221;.vc_custom_1526050245206{margin-top: -70px !important;}&#8221;][\/vc_column][\/vc_row][vc_row bg_type=&#8221;image&#8221; parallax_style=&#8221;vcpb-default&#8221; bg_image_new=&#8221;id^36|url^https:\/\/hotel-livia.com\/wp-content\/uploads\/2018\/05\/Untitled-3.png|caption^null|alt^null|title^Untitled-3|description^null&#8221; bg_image_repeat=&#8221;no-repeat&#8221; bg_override=&#8221;ex-full&#8221;][vc_column][vc_row_inner][vc_column_inner width=&#8221;1\/3&#8243;]<div class=\"ult-content-box-container \" >\t\t<div class=\"ult-content-box\" style=\"background-color:#ffffff;box-shadow: px px px px none;-webkit-transition: all 700ms ease;-moz-transition: all 700ms ease;-ms-transition: all 700ms ease;-o-transition: all 700ms ease;transition: all 700ms ease;\"  data-hover_box_shadow=\"none\"     data-bg=\"#ffffff\" >[vc_empty_space height=&#8221;9px&#8221;][vc_custom_heading text=&#8221;Dhom\u00eb Dopio Me Ballkon&#8221; font_container=&#8221;tag:h3|text_align:center|color:%23005aa9&#8243; google_fonts=&#8221;font_family:Libre%20Baskerville%3Aregular%2Citalic%2C700|font_style:700%20bold%20regular%3A700%3Anormal&#8221;][vc_single_image image=&#8221;35&#8243; img_size=&#8221;full&#8221; alignment=&#8221;center&#8221; onclick=&#8221;custom_link&#8221; image_hovers=&#8221;false&#8221; link=&#8221;https:\/\/hotel-livia.com\/index.php\/double-room-with-balcony\/?lang=sq&#8221;][vc_column_text css=&#8221;.vc_custom_1526050344398{padding-right: 3px !important;padding-left: 3px !important;}&#8221;]<\/p>\n<p style=\"text-align: center;\">Kjo dhom\u00eb\u00a0\u00ebsht\u00eb e pajisur me nj\u00eb ballkon, sistem kund\u00ebr zhurm\u00ebs dhe aj\u00ebr t\u00eb kondicionuar. Ideale p\u00ebr nj\u00eb \u00e7ift.<\/p>\n<p>[\/vc_column_text][vc_btn title=&#8221;DETAJE&#8221; style=&#8221;outline-custom&#8221; outline_custom_color=&#8221;#005aa9&#8243; outline_custom_hover_background=&#8221;#d8a131&#8243; outline_custom_hover_text=&#8221;#ffffff&#8221; shape=&#8221;square&#8221; align=&#8221;center&#8221; css=&#8221;.vc_custom_1526054212262{margin-top: -20px !important;padding-bottom: 5px !important;}&#8221; link=&#8221;url:https%3A%2F%2Fhotel-livia.com%2Findex.php%2Fdouble-room-with-balcony%2F%3Flang%3Dsq|||&#8221;]\t\t<\/div><\/div>[\/vc_column_inner][vc_column_inner width=&#8221;1\/3&#8243;]<div class=\"ult-content-box-container \" >\t\t<div class=\"ult-content-box\" style=\"background-color:#ffffff;box-shadow: px px px px none;-webkit-transition: all 700ms ease;-moz-transition: all 700ms ease;-ms-transition: all 700ms ease;-o-transition: all 700ms ease;transition: all 700ms ease;\"  data-hover_box_shadow=\"none\"     data-bg=\"#ffffff\" >[vc_empty_space height=&#8221;9px&#8221;][vc_custom_heading text=&#8221;Dhom\u00eb Dyshe Me Ballkon&#8221; font_container=&#8221;tag:h3|text_align:center|color:%23005aa9&#8243; google_fonts=&#8221;font_family:Libre%20Baskerville%3Aregular%2Citalic%2C700|font_style:700%20bold%20regular%3A700%3Anormal&#8221;][vc_single_image image=&#8221;37&#8243; img_size=&#8221;full&#8221; alignment=&#8221;center&#8221; onclick=&#8221;custom_link&#8221; image_hovers=&#8221;false&#8221; link=&#8221;https:\/\/hotel-livia.com\/index.php\/twin-room-with-balcony\/?lang=sq&#8221;][vc_column_text css=&#8221;.vc_custom_1526050640962{padding-right: 3px !important;padding-left: 3px !important;}&#8221;]<\/p>\n<p class=\" js_hp_rt_lightbox_room_desc \" style=\"text-align: center;\">Kjo dhom\u00eb\u00a0\u00ebsht\u00eb e pajisur me nj\u00eb ballkon, sistem kund\u00ebr zhurm\u00ebs. P\u00ebrmban dy krevat\u00eb tek. Ideale p\u00ebr dy miq.<\/p>\n<p>[\/vc_column_text][vc_btn title=&#8221;DETAJE&#8221; style=&#8221;outline-custom&#8221; outline_custom_color=&#8221;#005aa9&#8243; outline_custom_hover_background=&#8221;#d8a131&#8243; outline_custom_hover_text=&#8221;#ffffff&#8221; shape=&#8221;square&#8221; align=&#8221;center&#8221; css=&#8221;.vc_custom_1526054252064{margin-top: -20px !important;padding-bottom: 5px !important;}&#8221; link=&#8221;url:https%3A%2F%2Fhotel-livia.com%2Findex.php%2Ftwin-room-with-balcony%2F%3Flang%3Dsq|||&#8221;]\t\t<\/div><\/div>[\/vc_column_inner][vc_column_inner width=&#8221;1\/3&#8243;]<div class=\"ult-content-box-container \" >\t\t<div class=\"ult-content-box\" style=\"background-color:#ffffff;box-shadow: px px px px none;-webkit-transition: all 700ms ease;-moz-transition: all 700ms ease;-ms-transition: all 700ms ease;-o-transition: all 700ms ease;transition: all 700ms ease;\"  data-hover_box_shadow=\"none\"     data-bg=\"#ffffff\" >[vc_empty_space height=&#8221;9px&#8221;][vc_custom_heading text=&#8221;Suit\u00eb Me Ballkon&#8221; font_container=&#8221;tag:h3|text_align:center|color:%23005aa9&#8243; google_fonts=&#8221;font_family:Libre%20Baskerville%3Aregular%2Citalic%2C700|font_style:700%20bold%20regular%3A700%3Anormal&#8221; link=&#8221;url:https%3A%2F%2Fhotel-livia.com%2Findex.php%2Fsuite-with-balcony%2F%3Flang%3Dsq|||&#8221;][vc_single_image image=&#8221;38&#8243; img_size=&#8221;full&#8221; alignment=&#8221;center&#8221; onclick=&#8221;custom_link&#8221; image_hovers=&#8221;false&#8221; link=&#8221;https:\/\/hotel-livia.com\/index.php\/suite-with-balcony\/?lang=sq&#8221;][vc_column_text css=&#8221;.vc_custom_1526052092172{padding-right: 3px !important;padding-left: 3px !important;}&#8221;]<\/p>\n<p style=\"text-align: center;\">Kjo dhom\u00eb\u00a0\u00ebsht\u00eb e pajisur me TV, divan\u00eb. P\u00ebrmban nj\u00eb krevat t\u00eb madh\u00ebsis\u00eb king. Ideale p\u00ebr nj\u00eb \u00e7ift.<\/p>\n<p>[\/vc_column_text][vc_btn title=&#8221;DETAJE&#8221; style=&#8221;outline-custom&#8221; outline_custom_color=&#8221;#005aa9&#8243; outline_custom_hover_background=&#8221;#d8a131&#8243; outline_custom_hover_text=&#8221;#ffffff&#8221; shape=&#8221;square&#8221; align=&#8221;center&#8221; css=&#8221;.vc_custom_1526054270000{margin-top: -20px !important;padding-bottom: 5px !important;}&#8221; link=&#8221;url:https%3A%2F%2Fhotel-livia.com%2Findex.php%2Fsuite-with-balcony%2F%3Flang%3Dsq|||&#8221;]\t\t<\/div><\/div>[\/vc_column_inner][\/vc_row_inner][\/vc_column][\/vc_row][vc_row][vc_column][vc_single_image image=&#8221;196&#8243; img_size=&#8221;full&#8221; alignment=&#8221;center&#8221;][vc_custom_heading text=&#8221;Sh\u00ebrbime&#8221; font_container=&#8221;tag:h2|text_align:center|color:%23005aa9&#8243; google_fonts=&#8221;font_family:Libre%20Baskerville%3Aregular%2Citalic%2C700|font_style:700%20bold%20regular%3A700%3Anormal&#8221; css=&#8221;.vc_custom_1526050731602{margin-top: -80px !important;}&#8221;][vc_empty_space][\/vc_column][\/vc_row][vc_row bg_type=&#8221;bg_color&#8221; bg_override=&#8221;ex-full&#8221; bg_color_value=&#8221;#fff6ea&#8221;][vc_column width=&#8221;1\/2&#8243;][vc_empty_space][vc_column_text]<\/p>\n<p style=\"text-align: center;\">RESTORANTI YN\u00cb<\/p>\n<p>[\/vc_column_text][vc_custom_heading text=&#8221;Ushqim &amp; Pije&#8221; font_container=&#8221;tag:h2|text_align:center|color:%23005aa9&#8243; google_fonts=&#8221;font_family:Libre%20Baskerville%3Aregular%2Citalic%2C700|font_style:700%20bold%20regular%3A700%3Anormal&#8221; css=&#8221;.vc_custom_1526050950285{margin-top: -40px !important;}&#8221;][vc_column_text]<\/p>\n<p style=\"text-align: center;\">Restorant i Klasit t\u00eb Par\u00eb me ushqime tradicionale Shqiptare. Kuzhina jon\u00eb\u00a0\u00ebsht\u00eb gati t\u00eb ju sh\u00ebrbej\u00eb 16 or\u00eb cdo dit\u00eb. Ju do t\u00eb keni mund\u00ebsin\u00eb t\u00eb shijoni peshkun e fresk\u00ebt t\u00eb liqenit t\u00eb Butrintit dhe Kanalit t\u00eb Vivarit dhe gjithashtu produktet e mishit t\u00eb fresk\u00ebta nga fshati. Kop\u00ebshti ju ofron nj\u00eb pamje fantastike nga Kanali i Vivarit, ideale p\u00ebr t\u00eb kaluar m\u00ebngjesin ose drek\u00ebn, gjithashtu n\u00eb dark\u00eb mund t\u00eb kaloni momente t\u00eb bukura shoq\u00ebruar me nj\u00eb kokteil.<\/p>\n<p>[\/vc_column_text][vc_btn title=&#8221;DETAJE&#8221; style=&#8221;outline-custom&#8221; outline_custom_color=&#8221;#005aa9&#8243; outline_custom_hover_background=&#8221;#d8a131&#8243; outline_custom_hover_text=&#8221;#ffffff&#8221; shape=&#8221;square&#8221; align=&#8221;center&#8221; css=&#8221;.vc_custom_1526054294853{margin-top: -20px !important;padding-bottom: 5px !important;}&#8221; link=&#8221;url:https%3A%2F%2Fhotel-livia.com%2Findex.php%2Frestaurant%2F%3Flang%3Dsq|||&#8221;][\/vc_column][vc_column width=&#8221;1\/2&#8243; css=&#8221;.vc_custom_1526033038205{background-position: 0 0 !important;background-repeat: no-repeat !important;}&#8221;][vc_single_image image=&#8221;41&#8243; img_size=&#8221;full&#8221; alignment=&#8221;center&#8221; image_hovers=&#8221;false&#8221;][\/vc_column][\/vc_row][vc_row bg_type=&#8221;bg_color&#8221; bg_override=&#8221;ex-full&#8221; bg_color_value=&#8221;#fff6ea&#8221; css=&#8221;.vc_custom_1526051616907{margin-top: -30px !important;margin-bottom: -110px !important;}&#8221;][vc_column width=&#8221;1\/2&#8243;][vc_single_image image=&#8221;42&#8243; img_size=&#8221;full&#8221; alignment=&#8221;center&#8221; image_hovers=&#8221;false&#8221;][\/vc_column][vc_column width=&#8221;1\/2&#8243; css=&#8221;.vc_custom_1526033038205{background-position: 0 0 !important;background-repeat: no-repeat !important;}&#8221;][vc_empty_space][vc_column_text]<\/p>\n<p style=\"text-align: center;\">AKTIVITETE<\/p>\n<p>[\/vc_column_text][vc_custom_heading text=&#8221;Eksploro S\u00eb Bashku Me Ne&#8221; font_container=&#8221;tag:h2|text_align:center|color:%23005aa9&#8243; google_fonts=&#8221;font_family:Libre%20Baskerville%3Aregular%2Citalic%2C700|font_style:700%20bold%20regular%3A700%3Anormal&#8221; css=&#8221;.vc_custom_1526051023586{margin-top: -40px !important;}&#8221;][vc_column_text]<\/p>\n<div>\n<div class=\"wpb_text_column wpb_content_element \">\n<div class=\"wpb_wrapper\">\n<div style=\"text-align: center;\">\u00a0Jemi t\u00eb fokusuar n\u00eb turizmin arkeologjik dhe organizojm\u00eb cdo dit\u00eb guid\u00eb n\u00eb Butrint, k\u00ebshtu do t\u00eb keni mund\u00ebsin\u00eb t\u00eb shikoni qytetin e vjet\u00ebr. Gjithashtu ofrojm\u00eb dhe sh\u00ebrbimin e anijes n\u00eb plazhet m\u00eb t\u00eb bukura sipas k\u00ebrkes\u00ebs suaj. Ne kujdesemi q\u00eb pushimet tuaja t\u00eb jen\u00eb nj\u00eb kombinim midis detit dhe aventur\u00ebs.<\/div>\n<\/div>\n<\/div>\n<\/div>\n<p>[\/vc_column_text][vc_btn title=&#8221;DETAJE&#8221; style=&#8221;outline-custom&#8221; outline_custom_color=&#8221;#005aa9&#8243; outline_custom_hover_background=&#8221;#d8a131&#8243; outline_custom_hover_text=&#8221;#ffffff&#8221; shape=&#8221;square&#8221; align=&#8221;center&#8221; css=&#8221;.vc_custom_1526054311381{margin-top: -20px !important;padding-bottom: 5px !important;}&#8221; link=&#8221;url:https%3A%2F%2Fhotel-livia.com%2Findex.php%2Fgallery%2F%3Flang%3Dsq|||&#8221;][\/vc_column][\/vc_row]<\/p>\n<\/div>","protected":false},"excerpt":{"rendered":"<p>[vc_row css=&#8221;.vc_custom_1526029623970{margin-top: -70px !important;background-position: center !important;background-repeat: no-repeat !important;background-size: cover !important;}&#8221;][vc_column width=&#8221;1\/2&#8243;][vc_single_image image=&#8221;192&#8243; img_size=&#8221;full&#8221;][vc_custom_heading text=&#8221;Shijoni Qet\u00ebsin\u00eb &#8221; font_container=&#8221;tag:h2|text_align:left|color:%23005aa9&#8243; google_fonts=&#8221;font_family:Libre%20Baskerville%3Aregular%2Citalic%2C700|font_style:700%20bold%20regular%3A700%3Anormal&#8221; css=&#8221;.vc_custom_1526049778441{margin-top: -100px !important;}&#8221;][vc_column_text] Livia\u00a0\u00ebsht\u00eb nj\u00eb hotel i ri, i nd\u00ebrtuar me gur\u00eb dhe drru, sipas stilit tradicional Shqiptar, ndodhet af\u00ebr Butrintit q\u00ebndr\u00ebs m\u00eb t\u00eb madhe arkeologjike t\u00eb Shqip\u00ebris\u00eb. Vet\u00ebm 15 minuta larg nga Saranda. N\u00eb hotelin ton\u00eb&hellip;<\/p>\n","protected":false},"author":2,"featured_media":0,"parent":0,"menu_order":0,"comment_status":"closed","ping_status":"closed","template":"","meta":{"footnotes":""},"class_list":["post-187","page","type-page","status-publish","hentry","description-off"],"_links":{"self":[{"href":"https:\/\/hotel-livia.com\/index.php\/wp-json\/wp\/v2\/pages\/187","targetHints":{"allow":["GET"]}}],"collection":[{"href":"https:\/\/hotel-livia.com\/index.php\/wp-json\/wp\/v2\/pages"}],"about":[{"href":"https:\/\/hotel-livia.com\/index.php\/wp-json\/wp\/v2\/types\/page"}],"author":[{"embeddable":true,"href":"https:\/\/hotel-livia.com\/index.php\/wp-json\/wp\/v2\/users\/2"}],"replies":[{"embeddable":true,"href":"https:\/\/hotel-livia.com\/index.php\/wp-json\/wp\/v2\/comments?post=187"}],"version-history":[{"count":6,"href":"https:\/\/hotel-livia.com\/index.php\/wp-json\/wp\/v2\/pages\/187\/revisions"}],"predecessor-version":[{"id":271,"href":"https:\/\/hotel-livia.com\/index.php\/wp-json\/wp\/v2\/pages\/187\/revisions\/271"}],"wp:attachment":[{"href":"https:\/\/hotel-livia.com\/index.php\/wp-json\/wp\/v2\/media?parent=187"}],"curies":[{"name":"wp","href":"https:\/\/api.w.org\/{rel}","templated":true}]}}